{"id":9935,"date":"2025-05-06T09:20:59","date_gmt":"2025-05-06T07:20:59","guid":{"rendered":"https:\/\/louisdelhaize.be\/?page_id=9935"},"modified":"2026-05-05T20:05:21","modified_gmt":"2026-05-05T18:05:21","slug":"spaaractie-rose-wijn","status":"publish","type":"page","link":"https:\/\/louisdelhaize.be\/nl\/spaaractie-rose-wijn\/","title":{"rendered":"Spaaractie ros\u00e9 wijn"},"content":{"rendered":"<p>Chaque semaine, l&#8217;achat de nos produits participants vous permet de recevoir des timbres suppl\u00e9mentaires.<\/p>\n","protected":false},"excerpt":{"rendered":"<p>Chaque semaine, l&#8217;achat de nos produits participants vous permet de recevoir des timbres suppl\u00e9mentaires.<\/p>\n","protected":false},"author":3,"featured_media":0,"parent":0,"menu_order":0,"comment_status":"closed","ping_status":"closed","template":"template-page.blade.php","meta":{"_acf_changed":false,"inline_featured_image":false,"footnotes":""},"class_list":["post-9935","page","type-page","status-publish","hentry"],"acf":[],"yoast_head":"<!-- This site is optimized with the Yoast SEO plugin v26.9 - https:\/\/yoast.com\/product\/yoast-seo-wordpress\/ -->\n<title>Spaaractie ros\u00e9 wijn - Louis Delhaize<\/title>\n<meta name=\"description\" content=\"louis delhaize geeft je afspraak met onze spaaractie ros\u00e9wijn. Dankzij deze actie maak je kans op een fles ros\u00e9.\" \/>\n<meta name=\"robots\" content=\"index, follow, max-snippet:-1, max-image-preview:large, max-video-preview:-1\" \/>\n<link rel=\"canonical\" href=\"https:\/\/louisdelhaize.be\/nl\/spaaractie-rose-wijn\/\" \/>\n<meta property=\"og:locale\" content=\"nl_NL\" \/>\n<meta property=\"og:type\" content=\"article\" \/>\n<meta property=\"og:title\" content=\"Action cava\" \/>\n<meta property=\"og:description\" content=\"louis delhaize vous donne rendez-vous avec notre action\u00a0collector vin ros\u00e9. Cette action vous permet de remporter une bouteille de ros\u00e9\" \/>\n<meta property=\"og:url\" content=\"https:\/\/louisdelhaize.be\/nl\/spaaractie-rose-wijn\/\" \/>\n<meta property=\"og:site_name\" content=\"Louis Delhaize\" \/>\n<meta property=\"article:modified_time\" content=\"2026-05-05T18:05:21+00:00\" \/>\n<meta property=\"og:image\" content=\"https:\/\/louisdelhaize.be\/app\/uploads\/2025\/04\/landingpage-vinsroses-bouteille-590x590px-300x300.png\" \/>\n<meta name=\"twitter:card\" content=\"summary_large_image\" \/>\n<meta name=\"twitter:label1\" content=\"Est. reading time\" \/>\n\t<meta name=\"twitter:data1\" content=\"2 minutes\" \/>\n<script type=\"application\/ld+json\" class=\"yoast-schema-graph\">{\"@context\":\"https:\/\/schema.org\",\"@graph\":[{\"@type\":\"WebPage\",\"@id\":\"https:\/\/louisdelhaize.be\/nl\/spaaractie-rose-wijn\/\",\"url\":\"https:\/\/louisdelhaize.be\/nl\/spaaractie-rose-wijn\/\",\"name\":\"Spaaractie ros\u00e9 wijn - Louis Delhaize\",\"isPartOf\":{\"@id\":\"https:\/\/louisdelhaize.be\/nl\/#website\"},\"datePublished\":\"2025-05-06T07:20:59+00:00\",\"dateModified\":\"2026-05-05T18:05:21+00:00\",\"description\":\"louis delhaize geeft je afspraak met onze spaaractie ros\u00e9wijn. Dankzij deze actie maak je kans op een fles ros\u00e9.\",\"breadcrumb\":{\"@id\":\"https:\/\/louisdelhaize.be\/nl\/spaaractie-rose-wijn\/#breadcrumb\"},\"inLanguage\":\"nl-NL\",\"potentialAction\":[{\"@type\":\"ReadAction\",\"target\":[\"https:\/\/louisdelhaize.be\/nl\/spaaractie-rose-wijn\/\"]}]},{\"@type\":\"BreadcrumbList\",\"@id\":\"https:\/\/louisdelhaize.be\/nl\/spaaractie-rose-wijn\/#breadcrumb\",\"itemListElement\":[{\"@type\":\"ListItem\",\"position\":1,\"name\":\"Home\",\"item\":\"https:\/\/louisdelhaize.be\/nl\/\"},{\"@type\":\"ListItem\",\"position\":2,\"name\":\"Spaaractie ros\u00e9 wijn\"}]},{\"@type\":\"WebSite\",\"@id\":\"https:\/\/louisdelhaize.be\/nl\/#website\",\"url\":\"https:\/\/louisdelhaize.be\/nl\/\",\"name\":\"Louis Delhaize\",\"description\":\"\",\"publisher\":{\"@id\":\"https:\/\/louisdelhaize.be\/nl\/#organization\"},\"potentialAction\":[{\"@type\":\"SearchAction\",\"target\":{\"@type\":\"EntryPoint\",\"urlTemplate\":\"https:\/\/louisdelhaize.be\/nl\/?s={search_term_string}\"},\"query-input\":{\"@type\":\"PropertyValueSpecification\",\"valueRequired\":true,\"valueName\":\"search_term_string\"}}],\"inLanguage\":\"nl-NL\"},{\"@type\":\"Organization\",\"@id\":\"https:\/\/louisdelhaize.be\/nl\/#organization\",\"name\":\"Louis Delhaize\",\"url\":\"https:\/\/louisdelhaize.be\/nl\/\",\"logo\":{\"@type\":\"ImageObject\",\"inLanguage\":\"nl-NL\",\"@id\":\"https:\/\/louisdelhaize.be\/nl\/#\/schema\/logo\/image\/\",\"url\":\"https:\/\/louisdelhaize.be\/app\/uploads\/2023\/08\/logo-louis-delhaize.svg\",\"contentUrl\":\"https:\/\/louisdelhaize.be\/app\/uploads\/2023\/08\/logo-louis-delhaize.svg\",\"width\":1,\"height\":1,\"caption\":\"Louis Delhaize\"},\"image\":{\"@id\":\"https:\/\/louisdelhaize.be\/nl\/#\/schema\/logo\/image\/\"}}]}<\/script>\n<!-- \/ Yoast SEO plugin. -->","yoast_head_json":{"title":"Spaaractie ros\u00e9 wijn - Louis Delhaize","description":"louis delhaize geeft je afspraak met onze spaaractie ros\u00e9wijn. Dankzij deze actie maak je kans op een fles ros\u00e9.","robots":{"index":"index","follow":"follow","max-snippet":"max-snippet:-1","max-image-preview":"max-image-preview:large","max-video-preview":"max-video-preview:-1"},"canonical":"https:\/\/louisdelhaize.be\/nl\/spaaractie-rose-wijn\/","og_locale":"nl_NL","og_type":"article","og_title":"Action cava","og_description":"louis delhaize vous donne rendez-vous avec notre action\u00a0collector vin ros\u00e9. Cette action vous permet de remporter une bouteille de ros\u00e9","og_url":"https:\/\/louisdelhaize.be\/nl\/spaaractie-rose-wijn\/","og_site_name":"Louis Delhaize","article_modified_time":"2026-05-05T18:05:21+00:00","og_image":[{"url":"https:\/\/louisdelhaize.be\/app\/uploads\/2025\/04\/landingpage-vinsroses-bouteille-590x590px-300x300.png","type":"","width":"","height":""}],"twitter_card":"summary_large_image","twitter_misc":{"Est. reading time":"2 minutes"},"schema":{"@context":"https:\/\/schema.org","@graph":[{"@type":"WebPage","@id":"https:\/\/louisdelhaize.be\/nl\/spaaractie-rose-wijn\/","url":"https:\/\/louisdelhaize.be\/nl\/spaaractie-rose-wijn\/","name":"Spaaractie ros\u00e9 wijn - Louis Delhaize","isPartOf":{"@id":"https:\/\/louisdelhaize.be\/nl\/#website"},"datePublished":"2025-05-06T07:20:59+00:00","dateModified":"2026-05-05T18:05:21+00:00","description":"louis delhaize geeft je afspraak met onze spaaractie ros\u00e9wijn. Dankzij deze actie maak je kans op een fles ros\u00e9.","breadcrumb":{"@id":"https:\/\/louisdelhaize.be\/nl\/spaaractie-rose-wijn\/#breadcrumb"},"inLanguage":"nl-NL","potentialAction":[{"@type":"ReadAction","target":["https:\/\/louisdelhaize.be\/nl\/spaaractie-rose-wijn\/"]}]},{"@type":"BreadcrumbList","@id":"https:\/\/louisdelhaize.be\/nl\/spaaractie-rose-wijn\/#breadcrumb","itemListElement":[{"@type":"ListItem","position":1,"name":"Home","item":"https:\/\/louisdelhaize.be\/nl\/"},{"@type":"ListItem","position":2,"name":"Spaaractie ros\u00e9 wijn"}]},{"@type":"WebSite","@id":"https:\/\/louisdelhaize.be\/nl\/#website","url":"https:\/\/louisdelhaize.be\/nl\/","name":"Louis Delhaize","description":"","publisher":{"@id":"https:\/\/louisdelhaize.be\/nl\/#organization"},"potentialAction":[{"@type":"SearchAction","target":{"@type":"EntryPoint","urlTemplate":"https:\/\/louisdelhaize.be\/nl\/?s={search_term_string}"},"query-input":{"@type":"PropertyValueSpecification","valueRequired":true,"valueName":"search_term_string"}}],"inLanguage":"nl-NL"},{"@type":"Organization","@id":"https:\/\/louisdelhaize.be\/nl\/#organization","name":"Louis Delhaize","url":"https:\/\/louisdelhaize.be\/nl\/","logo":{"@type":"ImageObject","inLanguage":"nl-NL","@id":"https:\/\/louisdelhaize.be\/nl\/#\/schema\/logo\/image\/","url":"https:\/\/louisdelhaize.be\/app\/uploads\/2023\/08\/logo-louis-delhaize.svg","contentUrl":"https:\/\/louisdelhaize.be\/app\/uploads\/2023\/08\/logo-louis-delhaize.svg","width":1,"height":1,"caption":"Louis Delhaize"},"image":{"@id":"https:\/\/louisdelhaize.be\/nl\/#\/schema\/logo\/image\/"}}]}},"_links":{"self":[{"href":"https:\/\/louisdelhaize.be\/nl\/wp-json\/wp\/v2\/pages\/9935","targetHints":{"allow":["GET"]}}],"collection":[{"href":"https:\/\/louisdelhaize.be\/nl\/wp-json\/wp\/v2\/pages"}],"about":[{"href":"https:\/\/louisdelhaize.be\/nl\/wp-json\/wp\/v2\/types\/page"}],"author":[{"embeddable":true,"href":"https:\/\/louisdelhaize.be\/nl\/wp-json\/wp\/v2\/users\/3"}],"replies":[{"embeddable":true,"href":"https:\/\/louisdelhaize.be\/nl\/wp-json\/wp\/v2\/comments?post=9935"}],"version-history":[{"count":12,"href":"https:\/\/louisdelhaize.be\/nl\/wp-json\/wp\/v2\/pages\/9935\/revisions"}],"predecessor-version":[{"id":14357,"href":"https:\/\/louisdelhaize.be\/nl\/wp-json\/wp\/v2\/pages\/9935\/revisions\/14357"}],"wp:attachment":[{"href":"https:\/\/louisdelhaize.be\/nl\/wp-json\/wp\/v2\/media?parent=9935"}],"curies":[{"name":"wp","href":"https:\/\/api.w.org\/{rel}","templated":true}]}}